{"id":3169,"date":"2024-08-10T13:59:41","date_gmt":"2024-08-10T11:59:41","guid":{"rendered":"https:\/\/bernanos.org\/?page_id=3169"},"modified":"2025-06-19T14:18:40","modified_gmt":"2025-06-19T12:18:40","slug":"fse","status":"publish","type":"page","link":"https:\/\/bernanos.org\/index.php\/fse\/","title":{"rendered":"FSE"},"content":{"rendered":"\t\t<div data-elementor-type=\"wp-page\" data-elementor-id=\"3169\" class=\"elementor elementor-3169\" data-elementor-post-type=\"page\">\n\t\t\t\t\t\t<section class=\"elementor-section elementor-top-section elementor-element elementor-element-bd4c29c elementor-section-boxed elementor-section-height-default elementor-section-height-default\" data-id=\"bd4c29c\" data-element_type=\"section\" data-e-type=\"section\" data-settings=\"{&quot;background_background&quot;:&quot;classic&quot;}\">\n\t\t\t\t\t\t<div class=\"elementor-container elementor-column-gap-default\">\n\t\t\t\t\t<div class=\"elementor-column elementor-col-100 elementor-top-column elementor-element elementor-element-3b9afd3\" data-id=\"3b9afd3\" data-element_type=\"column\" data-e-type=\"column\">\n\t\t\t<div class=\"elementor-widget-wrap elementor-element-populated\">\n\t\t\t\t\t\t<div class=\"elementor-element elementor-element-894e881 elementor-widget elementor-widget-heading\" data-id=\"894e881\" data-element_type=\"widget\" data-e-type=\"widget\" data-widget_type=\"heading.default\">\n\t\t\t\t<div class=\"elementor-widget-container\">\n\t\t\t\t\t<h1 class=\"elementor-heading-title elementor-size-default\">LE soutien du fonds social europ\u00e9en<\/h1>\t\t\t\t<\/div>\n\t\t\t\t<\/div>\n\t\t\t\t<div class=\"elementor-element elementor-element-398a2b4 elementor-widget elementor-widget-text-editor\" data-id=\"398a2b4\" data-element_type=\"widget\" data-e-type=\"widget\" data-widget_type=\"text-editor.default\">\n\t\t\t\t<div class=\"elementor-widget-container\">\n\t\t\t\t\t\t\t\t\t<p>Le Fonds Social Europ\u00e9en (FSE+) soutient les actions du Centre Bernanos dans le d\u00e9veloppement de ses activit\u00e9s d&rsquo;accompagnement \u00e0 la scolarisation, \u00e0 la formation professionnelle, \u00e0 l&rsquo;alternance et au retour \u00e0 l&#8217;emploi de jeunes fran\u00e7ais et migrants. Cette action a \u00e9t\u00e9 soutenu pour un montant de 66 800\u20ac pour un budget total de 111 628\u20ac, en partenariat avec la Fondation Caritas France et la Fondation Brageac.\u00a0<\/p><p>Du premier janvier 2023 au 31 d\u00e9cembre 2024, le Centre Bernanos a ainsi pu accompagner 33 jeunes \u00e9loign\u00e9s de l&#8217;emploi et en pr\u00e9carit\u00e9.\u00a0<\/p>\t\t\t\t\t\t\t\t<\/div>\n\t\t\t\t<\/div>\n\t\t\t\t<div class=\"elementor-element elementor-element-27b916c elementor-widget elementor-widget-image\" data-id=\"27b916c\" data-element_type=\"widget\" data-e-type=\"widget\" data-widget_type=\"image.default\">\n\t\t\t\t<div class=\"elementor-widget-container\">\n\t\t\t\t\t\t\t\t\t\t\t\t\t\t\t<img fetchpriority=\"high\" decoding=\"async\" width=\"828\" height=\"178\" src=\"https:\/\/bernanos.org\/wp-content\/uploads\/2025\/06\/Embleme-UE_base_Mentions_Cofinance-Bleu.png\" class=\"attachment-full size-full wp-image-3172\" alt=\"\" srcset=\"https:\/\/bernanos.org\/wp-content\/uploads\/2025\/06\/Embleme-UE_base_Mentions_Cofinance-Bleu.png 828w, https:\/\/bernanos.org\/wp-content\/uploads\/2025\/06\/Embleme-UE_base_Mentions_Cofinance-Bleu-300x64.png 300w, https:\/\/bernanos.org\/wp-content\/uploads\/2025\/06\/Embleme-UE_base_Mentions_Cofinance-Bleu-768x165.png 768w\" sizes=\"(max-width: 828px) 100vw, 828px\" \/>\t\t\t\t\t\t\t\t\t\t\t\t\t\t\t<\/div>\n\t\t\t\t<\/div>\n\t\t\t\t\t<\/div>\n\t\t<\/div>\n\t\t\t\t\t<\/div>\n\t\t<\/section>\n\t\t\t\t<\/div>\n\t\t","protected":false},"excerpt":{"rendered":"<p>LE soutien du fonds social europ\u00e9en Le Fonds Social Europ\u00e9en (FSE+) soutient les actions du Centre Bernanos dans le d\u00e9veloppement de ses activit\u00e9s d&rsquo;accompagnement \u00e0 la scolarisation, \u00e0 la formation professionnelle, \u00e0 l&rsquo;alternance et au retour \u00e0 l&#8217;emploi de jeunes fran\u00e7ais et migrants. Cette action a \u00e9t\u00e9 soutenu pour un montant de 66 800\u20ac pour &hellip;<\/p>\n<p class=\"read-more\"> <a class=\"\" href=\"https:\/\/bernanos.org\/index.php\/fse\/\"> <span class=\"screen-reader-text\">FSE<\/span> Lire la suite\u00a0\u00bb<\/a><\/p>\n","protected":false},"author":3,"featured_media":0,"parent":0,"menu_order":0,"comment_status":"closed","ping_status":"closed","template":"","meta":{"site-sidebar-layout":"no-sidebar","site-content-layout":"page-builder","ast-global-header-display":"","ast-main-header-display":"","ast-hfb-above-header-display":"","ast-hfb-below-header-display":"","ast-hfb-mobile-header-display":"","site-post-title":"disabled","ast-breadcrumbs-content":"","ast-featured-img":"disabled","footer-sml-layout":"","theme-transparent-header-meta":"","adv-header-id-meta":"","stick-header-meta":"","header-above-stick-meta":"","header-main-stick-meta":"","header-below-stick-meta":"","footnotes":""},"class_list":["post-3169","page","type-page","status-publish","hentry"],"_links":{"self":[{"href":"https:\/\/bernanos.org\/index.php\/wp-json\/wp\/v2\/pages\/3169","targetHints":{"allow":["GET"]}}],"collection":[{"href":"https:\/\/bernanos.org\/index.php\/wp-json\/wp\/v2\/pages"}],"about":[{"href":"https:\/\/bernanos.org\/index.php\/wp-json\/wp\/v2\/types\/page"}],"author":[{"embeddable":true,"href":"https:\/\/bernanos.org\/index.php\/wp-json\/wp\/v2\/users\/3"}],"replies":[{"embeddable":true,"href":"https:\/\/bernanos.org\/index.php\/wp-json\/wp\/v2\/comments?post=3169"}],"version-history":[{"count":14,"href":"https:\/\/bernanos.org\/index.php\/wp-json\/wp\/v2\/pages\/3169\/revisions"}],"predecessor-version":[{"id":3191,"href":"https:\/\/bernanos.org\/index.php\/wp-json\/wp\/v2\/pages\/3169\/revisions\/3191"}],"wp:attachment":[{"href":"https:\/\/bernanos.org\/index.php\/wp-json\/wp\/v2\/media?parent=3169"}],"curies":[{"name":"wp","href":"https:\/\/api.w.org\/{rel}","templated":true}]}}