{"id":3,"date":"2022-01-21T19:17:24","date_gmt":"2022-01-21T18:17:24","guid":{"rendered":"http:\/\/bernanos.org\/?page_id=3"},"modified":"2022-09-13T11:03:15","modified_gmt":"2022-09-13T09:03:15","slug":"politique-de-confidentialite","status":"publish","type":"page","link":"https:\/\/bernanos.org\/index.php\/politique-de-confidentialite\/","title":{"rendered":"Politique de confidentialit\u00e9"},"content":{"rendered":"\n<p>Le site bernanos.org est la propri\u00e9t\u00e9 du Centre Bernanos, Association loi 1901 dont le si\u00e8ge social est situ\u00e9 : 30, Rue du Mar\u00e9chal Juin, 67 000 Strasbourg<\/p>\n\n\n\n<p>Courriel : contact.bernanos@gmail.com<\/p>\n\n\n\n<p>Le site&nbsp;bernanos.org est h\u00e9berg\u00e9 sur les mat\u00e9riels informatiques de la soci\u00e9t\u00e9&nbsp;OVH, 2 rue Kellermann \u2013 59100 Roubaix \u2013 France.<\/p>\n\n\n\n<h2 class=\"wp-block-heading\">Qui sommes-nous&nbsp;?<\/h2>\n\n\n\n<p>Le Centre<strong class=\"privacy-policy-tutorial\"> <\/strong>Bernanos accueille des jeunes migrants isol\u00e9s en attente de leurs droits. Bien qu&rsquo;autoris\u00e9s \u00e0 rester en France, aucune prise en charge officielle n&rsquo;existe \u00e0 ce jour. Nous les accompagnons dans leur r\u00e9gularisation, leur acc\u00e8s \u00e0 la scolarit\u00e9 et leur int\u00e9gration. <\/p>\n\n\n\n<h2 class=\"wp-block-heading\">Commentaires<\/h2>\n\n\n\n<p>Quand vous laissez un commentaire sur notre site, les donn\u00e9es inscrites dans le formulaire de commentaire, mais aussi votre adresse IP et l\u2019agent utilisateur de votre navigateur sont collect\u00e9s pour nous aider \u00e0 la d\u00e9tection des commentaires ind\u00e9sirables.<\/p>\n\n\n\n<p>Une cha\u00eene anonymis\u00e9e cr\u00e9\u00e9e \u00e0 partir de votre adresse e-mail (\u00e9galement appel\u00e9e hash) peut \u00eatre envoy\u00e9e au service Gravatar pour v\u00e9rifier si vous utilisez ce dernier. Les clauses de confidentialit\u00e9 du service Gravatar sont disponibles ici\u00a0: <a href=\"https:\/\/automattic.com\/privacy\/. \">https:\/\/automattic.com\/privacy\/. <\/a><\/p>\n\n\n\n<h2 class=\"wp-block-heading\">M\u00e9dias<\/h2>\n\n\n\n<p>Si vous t\u00e9l\u00e9versez des images sur le site, nous vous conseillons d\u2019\u00e9viter de t\u00e9l\u00e9verser des images contenant des donn\u00e9es EXIF de coordonn\u00e9es GPS. Les personnes visitant votre site peuvent t\u00e9l\u00e9charger et extraire des donn\u00e9es de localisation depuis ces images.<\/p>\n\n\n\n<h2 class=\"wp-block-heading\">Cookies<\/h2>\n\n\n\n<p>Si vous d\u00e9posez un commentaire sur notre site, il vous sera propos\u00e9 d\u2019enregistrer votre nom, adresse e-mail et site dans des cookies. C\u2019est uniquement pour votre confort afin de ne pas avoir \u00e0 saisir ces informations si vous d\u00e9posez un autre commentaire plus tard. Ces cookies expirent au bout d\u2019un an.<\/p>\n\n\n\n<p>Si vous vous rendez sur la page de connexion, un cookie temporaire sera cr\u00e9\u00e9 afin de d\u00e9terminer si votre navigateur accepte les cookies. Il ne contient pas de donn\u00e9es personnelles et sera supprim\u00e9 automatiquement \u00e0 la fermeture de votre navigateur.<\/p>\n\n\n\n<p>Lorsque vous vous connecterez, nous mettrons en place un certain nombre de cookies pour enregistrer vos informations de connexion et vos pr\u00e9f\u00e9rences d\u2019\u00e9cran. La dur\u00e9e de vie d\u2019un cookie de connexion est de deux jours, celle d\u2019un cookie d\u2019option d\u2019\u00e9cran est d\u2019un an. Si vous cochez \u00ab&nbsp;Se souvenir de moi&nbsp;\u00bb, votre cookie de connexion sera conserv\u00e9 pendant deux semaines. Si vous vous d\u00e9connectez de votre compte, le cookie de connexion sera effac\u00e9.<\/p>\n\n\n\n<p>En modifiant ou en publiant une publication, un cookie suppl\u00e9mentaire sera enregistr\u00e9 dans votre navigateur. Ce cookie ne comprend aucune donn\u00e9e personnelle. Il indique simplement l\u2019ID de la publication que vous venez de modifier. Il expire au bout d\u2019un jour.<\/p>\n\n\n\n<p>Pour aller plus loin, voir la page d\u00e9di\u00e9e: <a href=\"https:\/\/bernanos.org\/index.php\/politique-de-cookies-ue\/\">https:\/\/bernanos.org\/index.php\/politique-de-cookies-ue\/<\/a><\/p>\n\n\n\n<h2 class=\"wp-block-heading\">Contenu embarqu\u00e9 depuis d\u2019autres sites<\/h2>\n\n\n\n<p>Les articles de ce site peuvent inclure des contenus int\u00e9gr\u00e9s (par exemple des vid\u00e9os, images, articles\u2026). Le contenu int\u00e9gr\u00e9 depuis d\u2019autres sites se comporte de la m\u00eame mani\u00e8re que si le visiteur se rendait sur cet autre site.<\/p>\n\n\n\n<p>Ces sites web pourraient collecter des donn\u00e9es sur vous, utiliser des cookies, embarquer des outils de suivis tiers, suivre vos interactions avec ces contenus embarqu\u00e9s si vous disposez d\u2019un compte connect\u00e9 sur leur site web.<\/p>\n\n\n\n<h2 class=\"wp-block-heading\">Utilisation et transmission de vos donn\u00e9es personnelles<\/h2>\n\n\n\n<p>Si vous demandez une r\u00e9initialisation de votre mot de passe, votre adresse IP sera incluse dans l\u2019e-mail de r\u00e9initialisation.<\/p>\n\n\n\n<h2 class=\"wp-block-heading\">Dur\u00e9es de stockage de vos donn\u00e9es<\/h2>\n\n\n\n<p>Si vous laissez un commentaire, le commentaire et ses m\u00e9tadonn\u00e9es sont conserv\u00e9s ind\u00e9finiment. Cela permet de reconna\u00eetre et approuver automatiquement les commentaires suivants au lieu de les laisser dans la file de mod\u00e9ration.<\/p>\n\n\n\n<p>Pour les comptes qui s\u2019inscrivent sur notre site (le cas \u00e9ch\u00e9ant), nous stockons \u00e9galement les donn\u00e9es personnelles indiqu\u00e9es dans leur profil. Tous les comptes peuvent voir, modifier ou supprimer leurs informations personnelles \u00e0 tout moment (\u00e0 l\u2019exception de leur identifiant). Les gestionnaires du site peuvent aussi voir et modifier ces informations.<\/p>\n\n\n\n<h2 class=\"wp-block-heading\">Les droits que vous avez sur vos donn\u00e9es<\/h2>\n\n\n\n<p>Si vous avez un compte ou si vous avez laiss\u00e9 des commentaires sur le site, vous pouvez demander \u00e0 recevoir un fichier contenant toutes les donn\u00e9es personnelles que nous poss\u00e9dons \u00e0 votre sujet, incluant celles que vous nous avez fournies. Vous pouvez \u00e9galement demander la suppression des donn\u00e9es personnelles vous concernant. Cela ne prend pas en compte les donn\u00e9es stock\u00e9es \u00e0 des fins administratives, l\u00e9gales ou pour des raisons de s\u00e9curit\u00e9.<\/p>\n\n\n\n<h2 class=\"wp-block-heading\">Transmission de vos donn\u00e9es personnelles<\/h2>\n\n\n\n<p>Les commentaires des visiteurs peuvent \u00eatre v\u00e9rifi\u00e9s \u00e0 l\u2019aide d\u2019un service automatis\u00e9 de d\u00e9tection des commentaires ind\u00e9sirables.<\/p>\n\n\n\n<h2 class=\"wp-block-heading\">Illustrations<\/h2>\n\n\n\n<p>Elles ont \u00e9t\u00e9 r\u00e9alis\u00e9 par les illustratrices Amandine Piu et Elo\u00efse Rey que nous remercions chaleureusement. Vous pouvez les retrouver sur leur site: <a href=\"http:\/\/piupiu.fr\/\">site d&rsquo;Amandine<\/a>, <a href=\"http:\/\/eloiserey.fr\">site d&rsquo;Elo\u00efse<\/a> ou encore sur Instagram: <a href=\"https:\/\/www.instagram.com\/amandinepiu\/\">page d&rsquo;Amandine<\/a>, <a href=\"https:\/\/www.instagram.com\/rey.eloise\/?hl=fr\">page d&rsquo;Elo\u00efse<\/a>. <\/p>\n\n\n\n<h2 class=\"wp-block-heading\">Conception<\/h2>\n\n\n\n<p>Le site a \u00e9t\u00e9 r\u00e9alis\u00e9 par No\u00e9 Poizat. N&rsquo;h\u00e9sitez pas \u00e0 me contacter sur mon mail noe.poizat@gmail.com si vous avez trouv\u00e9 des erreurs sur le site ou si vous avez des suggestions \ud83d\ude42<\/p>\n","protected":false},"excerpt":{"rendered":"<p>Le site bernanos.org est la propri\u00e9t\u00e9 du Centre Bernanos, Association loi 1901 dont le si\u00e8ge social est situ\u00e9 : 30, Rue du Mar\u00e9chal Juin, 67 000 Strasbourg Courriel : contact.bernanos@gmail.com Le site&nbsp;bernanos.org est h\u00e9berg\u00e9 sur les mat\u00e9riels informatiques de la soci\u00e9t\u00e9&nbsp;OVH, 2 rue Kellermann \u2013 59100 Roubaix \u2013 France. Qui sommes-nous&nbsp;? Le Centre Bernanos accueille &hellip;<\/p>\n<p class=\"read-more\"> <a class=\"\" href=\"https:\/\/bernanos.org\/index.php\/politique-de-confidentialite\/\"> <span class=\"screen-reader-text\">Politique de confidentialit\u00e9<\/span> Lire la suite\u00a0\u00bb<\/a><\/p>\n","protected":false},"author":1,"featured_media":0,"parent":0,"menu_order":0,"comment_status":"closed","ping_status":"closed","template":"","meta":{"site-sidebar-layout":"default","site-content-layout":"default","ast-global-header-display":"","ast-main-header-display":"","ast-hfb-above-header-display":"","ast-hfb-below-header-display":"","ast-hfb-mobile-header-display":"","site-post-title":"","ast-breadcrumbs-content":"","ast-featured-img":"","footer-sml-layout":"","theme-transparent-header-meta":"","adv-header-id-meta":"","stick-header-meta":"","header-above-stick-meta":"","header-main-stick-meta":"","header-below-stick-meta":"","footnotes":""},"class_list":["post-3","page","type-page","status-publish","hentry"],"_links":{"self":[{"href":"https:\/\/bernanos.org\/index.php\/wp-json\/wp\/v2\/pages\/3","targetHints":{"allow":["GET"]}}],"collection":[{"href":"https:\/\/bernanos.org\/index.php\/wp-json\/wp\/v2\/pages"}],"about":[{"href":"https:\/\/bernanos.org\/index.php\/wp-json\/wp\/v2\/types\/page"}],"author":[{"embeddable":true,"href":"https:\/\/bernanos.org\/index.php\/wp-json\/wp\/v2\/users\/1"}],"replies":[{"embeddable":true,"href":"https:\/\/bernanos.org\/index.php\/wp-json\/wp\/v2\/comments?post=3"}],"version-history":[{"count":1,"href":"https:\/\/bernanos.org\/index.php\/wp-json\/wp\/v2\/pages\/3\/revisions"}],"predecessor-version":[{"id":1719,"href":"https:\/\/bernanos.org\/index.php\/wp-json\/wp\/v2\/pages\/3\/revisions\/1719"}],"wp:attachment":[{"href":"https:\/\/bernanos.org\/index.php\/wp-json\/wp\/v2\/media?parent=3"}],"curies":[{"name":"wp","href":"https:\/\/api.w.org\/{rel}","templated":true}]}}