{"id":2626,"date":"2024-07-23T16:14:23","date_gmt":"2024-07-23T14:14:23","guid":{"rendered":"https:\/\/bernanos.org\/?page_id=2626"},"modified":"2026-01-21T13:55:36","modified_gmt":"2026-01-21T12:55:36","slug":"le_centre","status":"publish","type":"page","link":"https:\/\/bernanos.org\/index.php\/le_centre\/","title":{"rendered":"Le Centre"},"content":{"rendered":"\t\t<div data-elementor-type=\"wp-page\" data-elementor-id=\"2626\" class=\"elementor elementor-2626\" data-elementor-post-type=\"page\">\n\t\t\t\t\t\t<section class=\"elementor-section elementor-top-section elementor-element elementor-element-424eca84 elementor-section-boxed elementor-section-height-default elementor-section-height-default\" data-id=\"424eca84\" data-element_type=\"section\" data-e-type=\"section\" data-settings=\"{&quot;background_background&quot;:&quot;classic&quot;}\">\n\t\t\t\t\t\t<div class=\"elementor-container elementor-column-gap-default\">\n\t\t\t\t\t<div class=\"elementor-column elementor-col-100 elementor-top-column elementor-element elementor-element-9ec8246\" data-id=\"9ec8246\" data-element_type=\"column\" data-e-type=\"column\">\n\t\t\t<div class=\"elementor-widget-wrap elementor-element-populated\">\n\t\t\t\t\t\t<div class=\"elementor-element elementor-element-65ea717b elementor-widget elementor-widget-heading\" data-id=\"65ea717b\" data-element_type=\"widget\" data-e-type=\"widget\" data-widget_type=\"heading.default\">\n\t\t\t\t<div class=\"elementor-widget-container\">\n\t\t\t\t\t<h1 class=\"elementor-heading-title elementor-size-default\">Le Centre Bernanos<\/h1>\t\t\t\t<\/div>\n\t\t\t\t<\/div>\n\t\t\t\t<div class=\"elementor-element elementor-element-3176b82d elementor-widget elementor-widget-image\" data-id=\"3176b82d\" data-element_type=\"widget\" data-e-type=\"widget\" data-widget_type=\"image.default\">\n\t\t\t\t<div class=\"elementor-widget-container\">\n\t\t\t\t\t\t\t\t\t\t\t\t\t\t\t<img decoding=\"async\" src=\"https:\/\/bernanos.org\/wp-content\/uploads\/2024\/07\/Bernanos-Le_Centre-Section_1-Mission-Photo.jpg\" title=\"Bernanos-Le_Centre-Section_1-Mission-Photo\" alt=\"Bernanos-Le_Centre-Section_1-Mission-Photo\" loading=\"lazy\" \/>\t\t\t\t\t\t\t\t\t\t\t\t\t\t\t<\/div>\n\t\t\t\t<\/div>\n\t\t\t\t\t<\/div>\n\t\t<\/div>\n\t\t\t\t\t<\/div>\n\t\t<\/section>\n\t\t\t\t<section class=\"elementor-section elementor-top-section elementor-element elementor-element-7d293e3 elementor-section-boxed elementor-section-height-default elementor-section-height-default\" data-id=\"7d293e3\" data-element_type=\"section\" data-e-type=\"section\">\n\t\t\t\t\t\t<div class=\"elementor-container elementor-column-gap-default\">\n\t\t\t\t\t<div class=\"elementor-column elementor-col-100 elementor-top-column elementor-element elementor-element-eea69fe\" data-id=\"eea69fe\" data-element_type=\"column\" data-e-type=\"column\">\n\t\t\t<div class=\"elementor-widget-wrap elementor-element-populated\">\n\t\t\t\t\t\t<div class=\"elementor-element elementor-element-980d861 elementor-widget elementor-widget-heading\" data-id=\"980d861\" data-element_type=\"widget\" data-e-type=\"widget\" data-widget_type=\"heading.default\">\n\t\t\t\t<div class=\"elementor-widget-container\">\n\t\t\t\t\t<h2 class=\"elementor-heading-title elementor-size-default\">La mission<\/h2>\t\t\t\t<\/div>\n\t\t\t\t<\/div>\n\t\t\t\t<div class=\"elementor-element elementor-element-184b02d elementor-widget elementor-widget-text-editor\" data-id=\"184b02d\" data-element_type=\"widget\" data-e-type=\"widget\" data-widget_type=\"text-editor.default\">\n\t\t\t\t<div class=\"elementor-widget-container\">\n\t\t\t\t\t\t\t\t\t<p>Le Centre Bernanos est une association \u00e0 but non lucratif reconnue d\u2019int\u00e9r\u00eat g\u00e9n\u00e9ral* si\u00e9geant au 30, rue du Mar\u00e9chal Juin \u00e0 Strasbourg. Depuis sa fondation en 1963, il accueille l\u2019aum\u00f4nerie universitaire catholique et un foyer pour \u00e9tudiants.<\/p><p>Depuis 2016, Le Centre Bernanos assure la mise \u00e0 l\u2019abri, l\u2019accompagnement et l\u2019int\u00e9gration de jeunes issus d\u2019un parcours migratoire et isol\u00e9s de leur famille, dans l\u2019attente d\u2019une prise en charge. L\u2019association les accompagne dans les d\u00e9marches administratives et d\u2019int\u00e9gration, et pourvoie aux frais inh\u00e9rents \u00e0 leur demande de statut, ainsi que les d\u00e9penses li\u00e9es \u00e0 leur sant\u00e9 et \u00e0 leur scolarisation. Elle participe \u00e0 leur apprentissage de la langue fran\u00e7aise \u00e0 l\u2019aide d\u2019un r\u00e9seau de b\u00e9n\u00e9voles, et fait le lien avec les diverses institutions intervenant dans le parcours des jeunes : \u00e9coles, employeurs, services sociaux et m\u00e9dicaux, etc.<\/p><p>Le Centre Bernanos met \u00e0 disposition des salles \u00e0 des associations et \u00e0 des organismes tiers \u00e0 but essentiellement social. Par ailleurs, il accueille gratuitement des initiatives autour de la vie de quartier (\u00e9v\u00e9nements, concerts), la formation (soutien scolaire), la culture accessible (ateliers gratuits), entraide (collectes et distribution de dons), l\u2019\u00e9cologie (jardins participatifs), les solidarit\u00e9s (h\u00e9bergement solidaire), les loisirs (activit\u00e9s et sorties offertes), etc.<\/p><p>*art. 201\u00b0b et 238 bis 1 du CGI.<\/p>\t\t\t\t\t\t\t\t<\/div>\n\t\t\t\t<\/div>\n\t\t\t\t\t<\/div>\n\t\t<\/div>\n\t\t\t\t\t<\/div>\n\t\t<\/section>\n\t\t\t\t<section class=\"elementor-section elementor-top-section elementor-element elementor-element-66b7850 elementor-section-boxed elementor-section-height-default elementor-section-height-default\" data-id=\"66b7850\" data-element_type=\"section\" data-e-type=\"section\" data-settings=\"{&quot;background_background&quot;:&quot;classic&quot;}\">\n\t\t\t\t\t\t<div class=\"elementor-container elementor-column-gap-default\">\n\t\t\t\t\t<div class=\"elementor-column elementor-col-100 elementor-top-column elementor-element elementor-element-c51cd4c\" data-id=\"c51cd4c\" data-element_type=\"column\" data-e-type=\"column\">\n\t\t\t<div class=\"elementor-widget-wrap elementor-element-populated\">\n\t\t\t\t\t\t<div class=\"elementor-element elementor-element-58056ff elementor-widget elementor-widget-heading\" data-id=\"58056ff\" data-element_type=\"widget\" data-e-type=\"widget\" data-widget_type=\"heading.default\">\n\t\t\t\t<div class=\"elementor-widget-container\">\n\t\t\t\t\t<h2 class=\"elementor-heading-title elementor-size-default\">L'accueil<\/h2>\t\t\t\t<\/div>\n\t\t\t\t<\/div>\n\t\t\t\t<div class=\"elementor-element elementor-element-1293711 elementor-widget elementor-widget-text-editor\" data-id=\"1293711\" data-element_type=\"widget\" data-e-type=\"widget\" data-widget_type=\"text-editor.default\">\n\t\t\t\t<div class=\"elementor-widget-container\">\n\t\t\t\t\t\t\t\t\t<p>En novembre 2016, un premier jeune frappa \u00e0 la porte du centre, en demandant un refuge pour la nuit. Il y resta plusieurs ann\u00e9es. Il venait d\u2019arriver en France sans sa famille et n\u2019avait pas encore 18 ans. Ce furent bient\u00f4t des dizaines d\u2019autres adolescents dans cette situation qui rejoignirent la salle de r\u00e9union transform\u00e9e en dortoir. Depuis 7 ans, l\u2019association a accueilli plus de 200 jeunes venus des quatre coins du monde, certains pour quelques nuits, d\u2019autres pour plusieurs ann\u00e9es. Le temps de la reconnaissance de leur statut de mineur non-accompagn\u00e9, de r\u00e9fugi\u00e9, ou l\u2019obtention d\u2019un titre de s\u00e9jour.<\/p><p>Pour ces adolescents, le parcours \u00e0 Bernanos signifie pouvoir \u00eatre pris en charge pour \u00eatre scolaris\u00e9, apprendre un m\u00e9tier et commencer leur vie. Ils fuient la guerre, la pauvret\u00e9, l\u2019isolement ou la marginalisation. Si les chemins qu\u2019ils empruntent ont certains points en commun, notamment les difficult\u00e9s rencontr\u00e9es durant leur p\u00e9riple vers, et en Europe, aucun parcours n\u2019est comparable \u00e0 un autre. \u00c0 partir de ce constat, le Centre Bernanos a d\u00e9ploy\u00e9 les moyens d\u2019accompagner les jeunes issus de la migration dans leurs parcours en France. L\u2019association d\u00e9veloppe et entretient un r\u00e9seau d\u2019\u00e9coles, d\u2019institutions, d\u2019h\u00e9bergeurs, d\u2019employeurs, et de b\u00e9n\u00e9voles.<\/p><p>Si vous voulez en savoir plus ou voir nos interventions dans les m\u00e9dias vous pouvez t\u00e9l\u00e9charger notre dossier de pr\u00e9sentation (2021-2022)<\/p>\t\t\t\t\t\t\t\t<\/div>\n\t\t\t\t<\/div>\n\t\t\t\t\t<\/div>\n\t\t<\/div>\n\t\t\t\t\t<\/div>\n\t\t<\/section>\n\t\t\t\t<section class=\"elementor-section elementor-top-section elementor-element elementor-element-ee0103f elementor-section-content-middle elementor-section-boxed elementor-section-height-default elementor-section-height-default\" data-id=\"ee0103f\" data-element_type=\"section\" data-e-type=\"section\" data-settings=\"{&quot;background_background&quot;:&quot;classic&quot;}\">\n\t\t\t\t\t\t<div class=\"elementor-container elementor-column-gap-default\">\n\t\t\t\t\t<div class=\"elementor-column elementor-col-50 elementor-top-column elementor-element elementor-element-655f761\" data-id=\"655f761\" data-element_type=\"column\" data-e-type=\"column\">\n\t\t\t<div class=\"elementor-widget-wrap elementor-element-populated\">\n\t\t\t\t\t\t<div class=\"elementor-element elementor-element-555de08 elementor-widget elementor-widget-image\" data-id=\"555de08\" data-element_type=\"widget\" data-e-type=\"widget\" data-widget_type=\"image.default\">\n\t\t\t\t<div class=\"elementor-widget-container\">\n\t\t\t\t\t\t\t\t\t\t\t\t\t\t\t<img fetchpriority=\"high\" decoding=\"async\" width=\"1460\" height=\"1739\" src=\"https:\/\/bernanos.org\/wp-content\/uploads\/2024\/07\/Bernanos-Le_Centre-Section_3-Equipe-Infographie_4.png\" class=\"attachment-full size-full wp-image-3001\" alt=\"\" srcset=\"https:\/\/bernanos.org\/wp-content\/uploads\/2024\/07\/Bernanos-Le_Centre-Section_3-Equipe-Infographie_4.png 1460w, https:\/\/bernanos.org\/wp-content\/uploads\/2024\/07\/Bernanos-Le_Centre-Section_3-Equipe-Infographie_4-252x300.png 252w, https:\/\/bernanos.org\/wp-content\/uploads\/2024\/07\/Bernanos-Le_Centre-Section_3-Equipe-Infographie_4-860x1024.png 860w, https:\/\/bernanos.org\/wp-content\/uploads\/2024\/07\/Bernanos-Le_Centre-Section_3-Equipe-Infographie_4-768x915.png 768w, https:\/\/bernanos.org\/wp-content\/uploads\/2024\/07\/Bernanos-Le_Centre-Section_3-Equipe-Infographie_4-1290x1536.png 1290w\" sizes=\"(max-width: 1460px) 100vw, 1460px\" \/>\t\t\t\t\t\t\t\t\t\t\t\t\t\t\t<\/div>\n\t\t\t\t<\/div>\n\t\t\t\t\t<\/div>\n\t\t<\/div>\n\t\t\t\t<div class=\"elementor-column elementor-col-50 elementor-top-column elementor-element elementor-element-6a9d6bf\" data-id=\"6a9d6bf\" data-element_type=\"column\" data-e-type=\"column\">\n\t\t\t<div class=\"elementor-widget-wrap elementor-element-populated\">\n\t\t\t\t\t\t<div class=\"elementor-element elementor-element-2d72617 elementor-widget elementor-widget-heading\" data-id=\"2d72617\" data-element_type=\"widget\" data-e-type=\"widget\" data-widget_type=\"heading.default\">\n\t\t\t\t<div class=\"elementor-widget-container\">\n\t\t\t\t\t<h2 class=\"elementor-heading-title elementor-size-default\">L'\u00e9quipe<\/h2>\t\t\t\t<\/div>\n\t\t\t\t<\/div>\n\t\t\t\t<div class=\"elementor-element elementor-element-8d7509d elementor-widget elementor-widget-text-editor\" data-id=\"8d7509d\" data-element_type=\"widget\" data-e-type=\"widget\" data-widget_type=\"text-editor.default\">\n\t\t\t\t<div class=\"elementor-widget-container\">\n\t\t\t\t\t\t\t\t\t<div>L\u2019\u00e9quipe est compos\u00e9e du directeur qui pose le cadre de l\u2019accueil et assure le management de l\u2019\u00e9quipe. Il apporte une vision globale de l\u2019accueil, actualise le projet, cherche sans cesse de nouveaux partenaires, de nouveaux financements, de nouvelles solutions concernant les situations administratives des jeunes migrants.\u00a0<\/div><div>\u00a0<\/div><div>Le professionnel charg\u00e9 de l\u2019accueil et du secr\u00e9tariat est responsable, de la gestion financi\u00e8re de l\u2019association et des commandes li\u00e9es au groupe des jeunes migrants, de la recherche de fonds et de la communication (interne, externe) de l\u2019association.\u00a0<\/div><div>\u00a0<\/div><div>Deux \u00e9ducateurs sp\u00e9cialis\u00e9s sont charg\u00e9s de l\u2019accompagnement \u00e9ducatif global et du suivi des jeunes accueillis au Centre Bernanos. Chaque \u00e9ducateur-trice \u00e0 des activit\u00e9s sp\u00e9cifiques : L\u2019une est plus pr\u00e9cis\u00e9ment en charge du suivi de la scolarit\u00e9, de la coordination des b\u00e9n\u00e9voles et de l\u2019organisation des loisirs ; l\u2019autre est plus particuli\u00e8rement en charge du suivi m\u00e9dical, administratif et juridique des jeunes. Chacun est \u00ab \u00e9ducateur r\u00e9f\u00e9rent \u00bb de plusieurs jeunes, garant de son projet personnalis\u00e9.\u00a0<\/div><div>\u00a0<\/div><div>Une \u00e9ducatrice en apprentissage est charg\u00e9e d\u2019\u00e9tablir un quotidien structurant qui ferait sens pour les jeunes en attente de scolarisation par le biais d\u2019activit\u00e9s \u00e9ducatives hebdomadaires. Celles-ci tendent \u00e0 travailler l\u2019expression, l\u2019autonomie, la coh\u00e9sion de groupe et la confiance en soi par diff\u00e9rents ateliers portant sur l\u2019apprentissage de l\u2019expression de leurs besoins et de leurs \u00e9motions, la d\u00e9couverte des \u00e9l\u00e9ments de la culture fran\u00e7aise, la capacit\u00e9 \u00e0 \u00e9changer autour de leur propre culture, l\u2019am\u00e9lioration de leur compr\u00e9hension du fran\u00e7ais etc. En s\u2019engageant dans ces activit\u00e9s les jeunes sont \u00e0 la fois actifs dans leur quotidien et dans leur parcours d\u2019accompagnement global.<\/div><div>\u00a0<\/div><div>La cuisini\u00e8re est charg\u00e9e de la pr\u00e9paration des repas, \u00e0 l\u2019ext\u00e9rieur du Centre (soir, WE). L\u2019agent d\u2019entretien est en charge du m\u00e9nage dans les locaux communs. Un assistant d\u2019\u00e9ducation assure la s\u00e9curit\u00e9 des jeunes la nuit.<\/div>\t\t\t\t\t\t\t\t<\/div>\n\t\t\t\t<\/div>\n\t\t\t\t\t<\/div>\n\t\t<\/div>\n\t\t\t\t\t<\/div>\n\t\t<\/section>\n\t\t\t\t<section class=\"elementor-section elementor-top-section elementor-element elementor-element-0ae87b6 elementor-section-boxed elementor-section-height-default elementor-section-height-default\" data-id=\"0ae87b6\" data-element_type=\"section\" data-e-type=\"section\" data-settings=\"{&quot;background_background&quot;:&quot;classic&quot;}\">\n\t\t\t\t\t\t<div class=\"elementor-container elementor-column-gap-default\">\n\t\t\t\t\t<div class=\"elementor-column elementor-col-100 elementor-top-column elementor-element elementor-element-82c3e60\" data-id=\"82c3e60\" data-element_type=\"column\" data-e-type=\"column\">\n\t\t\t<div class=\"elementor-widget-wrap elementor-element-populated\">\n\t\t\t\t\t\t<div class=\"elementor-element elementor-element-d031d0b elementor-widget elementor-widget-heading\" data-id=\"d031d0b\" data-element_type=\"widget\" data-e-type=\"widget\" data-widget_type=\"heading.default\">\n\t\t\t\t<div class=\"elementor-widget-container\">\n\t\t\t\t\t<h1 class=\"elementor-heading-title elementor-size-default\">Nos partenaires<\/h1>\t\t\t\t<\/div>\n\t\t\t\t<\/div>\n\t\t\t\t<div class=\"elementor-element elementor-element-f1b2c14 elementor-widget elementor-widget-image\" data-id=\"f1b2c14\" data-element_type=\"widget\" data-e-type=\"widget\" data-widget_type=\"image.default\">\n\t\t\t\t<div class=\"elementor-widget-container\">\n\t\t\t\t\t\t\t\t\t\t\t\t\t\t\t<img decoding=\"async\" width=\"2540\" height=\"2000\" src=\"https:\/\/bernanos.org\/wp-content\/uploads\/2025\/09\/Page-des-logos-finale.png\" class=\"attachment-full size-full wp-image-3195\" alt=\"\" srcset=\"https:\/\/bernanos.org\/wp-content\/uploads\/2025\/09\/Page-des-logos-finale.png 2540w, https:\/\/bernanos.org\/wp-content\/uploads\/2025\/09\/Page-des-logos-finale-300x236.png 300w, https:\/\/bernanos.org\/wp-content\/uploads\/2025\/09\/Page-des-logos-finale-1024x806.png 1024w, https:\/\/bernanos.org\/wp-content\/uploads\/2025\/09\/Page-des-logos-finale-768x605.png 768w, https:\/\/bernanos.org\/wp-content\/uploads\/2025\/09\/Page-des-logos-finale-1536x1209.png 1536w, https:\/\/bernanos.org\/wp-content\/uploads\/2025\/09\/Page-des-logos-finale-2048x1613.png 2048w\" sizes=\"(max-width: 2540px) 100vw, 2540px\" \/>\t\t\t\t\t\t\t\t\t\t\t\t\t\t\t<\/div>\n\t\t\t\t<\/div>\n\t\t\t\t<div class=\"elementor-element elementor-element-57e9642 elementor-widget elementor-widget-text-editor\" data-id=\"57e9642\" data-element_type=\"widget\" data-e-type=\"widget\" data-widget_type=\"text-editor.default\">\n\t\t\t\t<div class=\"elementor-widget-container\">\n\t\t\t\t\t\t\t\t\t<p>Le Fonds Social Europ\u00e9en (FSE+) soutient les actions de l&rsquo;association \u00ab\u00a0Centre Bernanos\u00a0\u00bb dans le d\u00e9veloppement de ses activit\u00e9s d&rsquo;accompagnement \u00e0 la scolarisation, \u00e0 la formation professionnelle, \u00e0 l&rsquo;alternance et au retour \u00e0 l&#8217;emploi de jeunes fran\u00e7ais et migrants. <a href=\"https:\/\/bernanos.org\/index.php\/fse\/\">Cliquez ici <\/a>pour en savoir plus.&nbsp;<\/p>\t\t\t\t\t\t\t\t<\/div>\n\t\t\t\t<\/div>\n\t\t\t\t\t<\/div>\n\t\t<\/div>\n\t\t\t\t\t<\/div>\n\t\t<\/section>\n\t\t\t\t<section class=\"elementor-section elementor-top-section elementor-element elementor-element-7ba1a8b elementor-section-boxed elementor-section-height-default elementor-section-height-default\" data-id=\"7ba1a8b\" data-element_type=\"section\" data-e-type=\"section\">\n\t\t\t\t\t\t<div class=\"elementor-container elementor-column-gap-default\">\n\t\t\t\t\t<div class=\"elementor-column elementor-col-100 elementor-top-column elementor-element elementor-element-4595382\" data-id=\"4595382\" data-element_type=\"column\" data-e-type=\"column\">\n\t\t\t<div class=\"elementor-widget-wrap elementor-element-populated\">\n\t\t\t\t\t\t<div class=\"elementor-element elementor-element-d4758fd elementor-widget elementor-widget-heading\" data-id=\"d4758fd\" data-element_type=\"widget\" data-e-type=\"widget\" data-widget_type=\"heading.default\">\n\t\t\t\t<div class=\"elementor-widget-container\">\n\t\t\t\t\t<h2 class=\"elementor-heading-title elementor-size-default\"><a href=\"https:\/\/bernanos.org\/index.php\/brochure\/\">En savoir plus<\/a><\/h2>\t\t\t\t<\/div>\n\t\t\t\t<\/div>\n\t\t\t\t\t<\/div>\n\t\t<\/div>\n\t\t\t\t\t<\/div>\n\t\t<\/section>\n\t\t\t\t<\/div>\n\t\t","protected":false},"excerpt":{"rendered":"<p>Le Centre Bernanos La mission Le Centre Bernanos est une association \u00e0 but non lucratif reconnue d\u2019int\u00e9r\u00eat g\u00e9n\u00e9ral* si\u00e9geant au 30, rue du Mar\u00e9chal Juin \u00e0 Strasbourg. Depuis sa fondation en 1963, il accueille l\u2019aum\u00f4nerie universitaire catholique et un foyer pour \u00e9tudiants. Depuis 2016, Le Centre Bernanos assure la mise \u00e0 l\u2019abri, l\u2019accompagnement et l\u2019int\u00e9gration &hellip;<\/p>\n<p class=\"read-more\"> <a class=\"\" href=\"https:\/\/bernanos.org\/index.php\/le_centre\/\"> <span class=\"screen-reader-text\">Le Centre<\/span> Lire la suite\u00a0\u00bb<\/a><\/p>\n","protected":false},"author":9,"featured_media":0,"parent":0,"menu_order":0,"comment_status":"closed","ping_status":"closed","template":"","meta":{"site-sidebar-layout":"no-sidebar","site-content-layout":"page-builder","ast-global-header-display":"","ast-main-header-display":"","ast-hfb-above-header-display":"","ast-hfb-below-header-display":"","ast-hfb-mobile-header-display":"","site-post-title":"disabled","ast-breadcrumbs-content":"","ast-featured-img":"disabled","footer-sml-layout":"","theme-transparent-header-meta":"","adv-header-id-meta":"","stick-header-meta":"","header-above-stick-meta":"","header-main-stick-meta":"","header-below-stick-meta":"","footnotes":""},"class_list":["post-2626","page","type-page","status-publish","hentry"],"_links":{"self":[{"href":"https:\/\/bernanos.org\/index.php\/wp-json\/wp\/v2\/pages\/2626","targetHints":{"allow":["GET"]}}],"collection":[{"href":"https:\/\/bernanos.org\/index.php\/wp-json\/wp\/v2\/pages"}],"about":[{"href":"https:\/\/bernanos.org\/index.php\/wp-json\/wp\/v2\/types\/page"}],"author":[{"embeddable":true,"href":"https:\/\/bernanos.org\/index.php\/wp-json\/wp\/v2\/users\/9"}],"replies":[{"embeddable":true,"href":"https:\/\/bernanos.org\/index.php\/wp-json\/wp\/v2\/comments?post=2626"}],"version-history":[{"count":78,"href":"https:\/\/bernanos.org\/index.php\/wp-json\/wp\/v2\/pages\/2626\/revisions"}],"predecessor-version":[{"id":3461,"href":"https:\/\/bernanos.org\/index.php\/wp-json\/wp\/v2\/pages\/2626\/revisions\/3461"}],"wp:attachment":[{"href":"https:\/\/bernanos.org\/index.php\/wp-json\/wp\/v2\/media?parent=2626"}],"curies":[{"name":"wp","href":"https:\/\/api.w.org\/{rel}","templated":true}]}}